{"id":791,"date":"2025-02-01T23:56:24","date_gmt":"2025-02-01T22:56:24","guid":{"rendered":"https:\/\/buzzblogprotheme.com\/isabelle-roche\/my-account\/"},"modified":"2025-08-21T16:26:06","modified_gmt":"2025-08-21T14:26:06","slug":"salon","status":"publish","type":"page","link":"https:\/\/creativecollectiveweddings.com\/es\/salon\/","title":{"rendered":"Planning Lounge &#8211; Login"},"content":{"rendered":"<div data-elementor-type=\"wp-page\" data-elementor-id=\"791\" class=\"elementor elementor-791\" data-elementor-post-type=\"page\">\n\t\t\t\t<div class=\"elementor-element elementor-element-fdd6500 e-flex e-con-boxed e-con e-parent\" data-id=\"fdd6500\" data-element_type=\"container\" data-e-type=\"container\" data-settings=\"{&quot;background_background&quot;:&quot;classic&quot;}\">\n\t\t\t\t\t<div class=\"e-con-inner\">\n\t\t<div class=\"elementor-element elementor-element-f8876bd e-flex e-con-boxed e-con e-child\" data-id=\"f8876bd\" data-element_type=\"container\" data-e-type=\"container\">\n\t\t\t\t\t<div class=\"e-con-inner\">\n\t\t\t\t<div class=\"elementor-element elementor-element-4254928 elementor-widget elementor-widget-heading\" data-id=\"4254928\" data-element_type=\"widget\" data-e-type=\"widget\" data-settings=\"{&quot;buzzblog_hidepaged&quot;:&quot;false&quot;}\" data-widget_type=\"heading.default\">\n\t\t\t\t<div class=\"elementor-widget-container\">\n\t\t\t\t\t<h2 class=\"elementor-heading-title elementor-size-default\">Sala de Planificaci\u00f3n<\/h2>\t\t\t\t<\/div>\n\t\t\t\t<\/div>\n\t\t\t\t<div class=\"elementor-element elementor-element-ba08b20 elementor-widget elementor-widget-heading\" data-id=\"ba08b20\" data-element_type=\"widget\" data-e-type=\"widget\" data-settings=\"{&quot;buzzblog_hidepaged&quot;:&quot;false&quot;}\" data-widget_type=\"heading.default\">\n\t\t\t\t<div class=\"elementor-widget-container\">\n\t\t\t\t\t<h2 class=\"elementor-heading-title elementor-size-default\">Ama. Planifica. Celebra.<\/h2>\t\t\t\t<\/div>\n\t\t\t\t<\/div>\n\t\t\t\t\t<\/div>\n\t\t\t\t<\/div>\n\t\t\t\t\t<\/div>\n\t\t\t\t<\/div>\n\t\t<div class=\"elementor-element elementor-element-787f9d0 e-flex e-con-boxed e-con e-parent\" data-id=\"787f9d0\" data-element_type=\"container\" data-e-type=\"container\">\n\t\t\t\t\t<div class=\"e-con-inner\">\n\t\t<div class=\"elementor-element elementor-element-c36aa7b e-con-full elementor-hidden-tablet e-flex e-con e-child\" data-id=\"c36aa7b\" data-element_type=\"container\" data-e-type=\"container\">\n\t\t\t\t<div class=\"elementor-element elementor-element-9540bbf elementor-widget elementor-widget-image\" data-id=\"9540bbf\" data-element_type=\"widget\" data-e-type=\"widget\" data-settings=\"{&quot;_animation&quot;:&quot;none&quot;,&quot;buzzblog_hidepaged&quot;:&quot;false&quot;}\" data-widget_type=\"image.default\">\n\t\t\t\t<div class=\"elementor-widget-container\">\n\t\t\t\t\t\t\t\t\t\t\t\t\t\t\t<img fetchpriority=\"high\" decoding=\"async\" width=\"1050\" height=\"1450\" src=\"https:\/\/creativecollectiveweddings.com\/wp-content\/uploads\/2025\/02\/harriet-glenn0850-scaled-e1738886409604.jpg\" class=\"attachment-full size-full wp-image-3238\" alt=\"\" srcset=\"https:\/\/creativecollectiveweddings.com\/wp-content\/uploads\/2025\/02\/harriet-glenn0850-scaled-e1738886409604.jpg 1050w, https:\/\/creativecollectiveweddings.com\/wp-content\/uploads\/2025\/02\/harriet-glenn0850-scaled-e1738886409604-297x410.jpg 297w, https:\/\/creativecollectiveweddings.com\/wp-content\/uploads\/2025\/02\/harriet-glenn0850-scaled-e1738886409604-529x730.jpg 529w, https:\/\/creativecollectiveweddings.com\/wp-content\/uploads\/2025\/02\/harriet-glenn0850-scaled-e1738886409604-768x1061.jpg 768w, https:\/\/creativecollectiveweddings.com\/wp-content\/uploads\/2025\/02\/harriet-glenn0850-scaled-e1738886409604-90x124.jpg 90w, https:\/\/creativecollectiveweddings.com\/wp-content\/uploads\/2025\/02\/harriet-glenn0850-scaled-e1738886409604-320x442.jpg 320w, https:\/\/creativecollectiveweddings.com\/wp-content\/uploads\/2025\/02\/harriet-glenn0850-scaled-e1738886409604-560x773.jpg 560w, https:\/\/creativecollectiveweddings.com\/wp-content\/uploads\/2025\/02\/harriet-glenn0850-scaled-e1738886409604-782x1080.jpg 782w\" sizes=\"(max-width: 1050px) 100vw, 1050px\" \/>\t\t\t\t\t\t\t\t\t\t\t\t\t\t\t<\/div>\n\t\t\t\t<\/div>\n\t\t\t\t<\/div>\n\t\t<div class=\"elementor-element elementor-element-50465fd e-con-full e-flex e-con e-child\" data-id=\"50465fd\" data-element_type=\"container\" data-e-type=\"container\">\n\t\t<div class=\"elementor-element elementor-element-bf81706 e-con-full e-flex e-con e-child\" data-id=\"bf81706\" data-element_type=\"container\" data-e-type=\"container\">\n\t\t\t\t<div class=\"elementor-element elementor-element-1919173 elementor-widget elementor-widget-heading\" data-id=\"1919173\" data-element_type=\"widget\" data-e-type=\"widget\" data-settings=\"{&quot;buzzblog_hidepaged&quot;:&quot;false&quot;}\" data-widget_type=\"heading.default\">\n\t\t\t\t<div class=\"elementor-widget-container\">\n\t\t\t\t\t<h2 class=\"elementor-heading-title elementor-size-default\">\u00bfQu\u00e9 es este Jazz?<\/h2>\t\t\t\t<\/div>\n\t\t\t\t<\/div>\n\t\t\t\t<div class=\"elementor-element elementor-element-ee5eba0 elementor-widget elementor-widget-text-editor\" data-id=\"ee5eba0\" data-element_type=\"widget\" data-e-type=\"widget\" data-settings=\"{&quot;buzzblog_hidepaged&quot;:&quot;false&quot;}\" data-widget_type=\"text-editor.default\">\n\t\t\t\t<div class=\"elementor-widget-container\">\n\t\t\t\t\t\t\t\t\t<p>La <strong>Sala de Planificaci\u00f3n<\/strong> es un espacio personalizado y libre de estr\u00e9s donde las parejas pueden acceder a detalles esenciales de la boda, descargar materiales, responder preguntas y mantenerse enfocados en su gran d\u00eda, \u00a1todo en un centro bellamente organizado!<\/p><p>\u00bfTambi\u00e9n necesitas ayuda con tu boda? \u2013 <strong><a href=\"https:\/\/creativecollectiveweddings.com\/es\/contacto\/\">Conozer M\u00e1s<\/a><\/strong><\/p>\t\t\t\t\t\t\t\t<\/div>\n\t\t\t\t<\/div>\n\t\t\t\t<\/div>\n\t\t<div class=\"elementor-element elementor-element-dc7fc29 e-con-full e-flex e-con e-child\" data-id=\"dc7fc29\" data-element_type=\"container\" data-e-type=\"container\">\n\t\t<div class=\"elementor-element elementor-element-74a79f3 e-con-full e-transform e-flex e-con e-child\" data-id=\"74a79f3\" data-element_type=\"container\" data-e-type=\"container\" data-settings=\"{&quot;_transform_translateX_effect&quot;:{&quot;unit&quot;:&quot;px&quot;,&quot;size&quot;:-60,&quot;sizes&quot;:[]},&quot;_transform_translateX_effect_tablet&quot;:{&quot;unit&quot;:&quot;px&quot;,&quot;size&quot;:0,&quot;sizes&quot;:[]},&quot;background_background&quot;:&quot;classic&quot;,&quot;_transform_translateX_effect_widescreen&quot;:{&quot;unit&quot;:&quot;px&quot;,&quot;size&quot;:&quot;&quot;,&quot;sizes&quot;:[]},&quot;_transform_translateX_effect_laptop&quot;:{&quot;unit&quot;:&quot;px&quot;,&quot;size&quot;:&quot;&quot;,&quot;sizes&quot;:[]},&quot;_transform_translateX_effect_tablet_extra&quot;:{&quot;unit&quot;:&quot;px&quot;,&quot;size&quot;:&quot;&quot;,&quot;sizes&quot;:[]},&quot;_transform_translateX_effect_mobile_extra&quot;:{&quot;unit&quot;:&quot;px&quot;,&quot;size&quot;:&quot;&quot;,&quot;sizes&quot;:[]},&quot;_transform_translateX_effect_mobile&quot;:{&quot;unit&quot;:&quot;px&quot;,&quot;size&quot;:&quot;&quot;,&quot;sizes&quot;:[]},&quot;_transform_translateY_effect&quot;:{&quot;unit&quot;:&quot;px&quot;,&quot;size&quot;:&quot;&quot;,&quot;sizes&quot;:[]},&quot;_transform_translateY_effect_widescreen&quot;:{&quot;unit&quot;:&quot;px&quot;,&quot;size&quot;:&quot;&quot;,&quot;sizes&quot;:[]},&quot;_transform_translateY_effect_laptop&quot;:{&quot;unit&quot;:&quot;px&quot;,&quot;size&quot;:&quot;&quot;,&quot;sizes&quot;:[]},&quot;_transform_translateY_effect_tablet_extra&quot;:{&quot;unit&quot;:&quot;px&quot;,&quot;size&quot;:&quot;&quot;,&quot;sizes&quot;:[]},&quot;_transform_translateY_effect_tablet&quot;:{&quot;unit&quot;:&quot;px&quot;,&quot;size&quot;:&quot;&quot;,&quot;sizes&quot;:[]},&quot;_transform_translateY_effect_mobile_extra&quot;:{&quot;unit&quot;:&quot;px&quot;,&quot;size&quot;:&quot;&quot;,&quot;sizes&quot;:[]},&quot;_transform_translateY_effect_mobile&quot;:{&quot;unit&quot;:&quot;px&quot;,&quot;size&quot;:&quot;&quot;,&quot;sizes&quot;:[]}}\">\n\t\t\t\t<div class=\"elementor-element elementor-element-3cdc887 elementor-button-align-stretch elementor-widget elementor-widget-login\" data-id=\"3cdc887\" data-element_type=\"widget\" data-e-type=\"widget\" data-settings=\"{&quot;buzzblog_hidepaged&quot;:&quot;false&quot;}\" data-widget_type=\"login.default\">\n\t\t\t\t<div class=\"elementor-widget-container\">\n\t\t\t\t\t\t\t<form class=\"elementor-login elementor-form\" method=\"post\" action=\"https:\/\/creativecollectiveweddings.com\/wp-login.php\" aria-label=\"Login form\">\n\t\t\t<input type=\"hidden\" name=\"redirect_to\" value=\"https:\/\/creativecollectiveweddings.com\/projects\/\">\n\t\t\t<div class=\"elementor-form-fields-wrapper\">\n\t\t\t\t<div class=\"elementor-field-type-text elementor-field-group elementor-column elementor-col-100 elementor-field-required\">\n\t\t\t\t\t<label for=\"user-3cdc887\" class=\"elementor-field-label\">Direcci\u00f3n de correo electr\u00f3nico<\/label>\n\t\t\t\t\t<input size=\"1\" type=\"text\" name=\"log\" id=\"user-3cdc887\" placeholder=\"\" class=\"elementor-field elementor-field-textual elementor-size-sm\">\n\t\t\t\t<\/div>\n\t\t\t\t<div class=\"elementor-field-type-text elementor-field-group elementor-column elementor-col-100 elementor-field-required\">\n\t\t\t\t\t<label for=\"password-3cdc887\" class=\"elementor-field-label\">Contrase\u00f1a<\/label>\n\t\t\t\t\t<input size=\"1\" type=\"password\" name=\"pwd\" id=\"password-3cdc887\" placeholder=\"\" class=\"elementor-field elementor-field-textual elementor-size-sm\">\n\t\t\t\t<\/div>\n\n\t\t\t\t\t\t\t\t\t<div class=\"elementor-field-type-checkbox elementor-field-group elementor-column elementor-col-100 elementor-remember-me\">\n\t\t\t\t\t\t<label for=\"elementor-login-remember-me\">\n\t\t\t\t\t\t\t<input type=\"checkbox\" id=\"elementor-login-remember-me\" name=\"rememberme\" value=\"forever\">\n\t\t\t\t\t\t\tRemember Me\t\t\t\t\t\t<\/label>\n\t\t\t\t\t<\/div>\n\t\t\t\t\n\t\t\t\t<div class=\"elementor-field-group elementor-column elementor-field-type-submit elementor-col-100\">\n\t\t\t\t\t<button type=\"submit\" class=\"elementor-size-sm elementor-button\" name=\"wp-submit\">\n\t\t\t\t\t\t\t\t\t\t\t\t\t\t\t<span class=\"elementor-button-text\">Acceso<\/span>\n\t\t\t\t\t\t\t\t\t\t\t\t<\/button>\n\t\t\t\t<\/div>\n\n\t\t\t\t\t\t\t<\/div>\n\t\t<\/form>\n\t\t\t\t\t\t<\/div>\n\t\t\t\t<\/div>\n\t\t\t\t<\/div>\n\t\t\t\t<\/div>\n\t\t\t\t<\/div>\n\t\t\t\t\t<\/div>\n\t\t\t\t<\/div>\n\t\t\t\t<\/div>","protected":false},"excerpt":{"rendered":"<p>Planning Lounge Love. Plan. Celebrate. What&#8217;s this Jazz? The Planning Lounge is a personalised, stress-free space where couples can access essential wedding details, download materials,&#8230;<\/p>","protected":false},"author":1,"featured_media":0,"parent":0,"menu_order":0,"comment_status":"closed","ping_status":"closed","template":"elementor_header_footer","meta":{"footnotes":""},"categories":[],"tags":[],"class_list":["post-791","page","type-page","status-publish","hentry"],"yoast_head":"<!-- This site is optimized with the Yoast SEO Premium plugin v24.4 (Yoast SEO v27.4) - https:\/\/yoast.com\/product\/yoast-seo-premium-wordpress\/ -->\n<title>Creative Collective &#8226; Wedding Planner in Spain, Costa Blanca &#8226; Planning Lounge - Login<\/title>\n<meta name=\"description\" content=\"Let&#039;s plan your dream wedding together! We offer trully unique, unbelievable rustic and beach Mediterranean weddings planning service in Spain, covering Costa Blanca and other regions.\" \/>\n<meta name=\"robots\" content=\"index, follow, max-snippet:-1, max-image-preview:large, max-video-preview:-1\" \/>\n<link rel=\"canonical\" href=\"https:\/\/creativecollectiveweddings.com\/es\/salon\/\" \/>\n<meta property=\"og:locale\" content=\"es_ES\" \/>\n<meta property=\"og:type\" content=\"article\" \/>\n<meta property=\"og:title\" content=\"Creative Collective &#8226; Wedding Planner in Spain, Costa Blanca &#8226; Planning Lounge - Login\" \/>\n<meta property=\"og:description\" content=\"Let&#039;s plan your dream wedding together! We offer trully unique, unbelievable rustic and beach Mediterranean weddings planning service in Spain, covering Costa Blanca and other regions.\" \/>\n<meta property=\"og:url\" content=\"https:\/\/creativecollectiveweddings.com\/es\/salon\/\" \/>\n<meta property=\"og:site_name\" content=\"Creative Collective\" \/>\n<meta property=\"article:publisher\" content=\"https:\/\/www.facebook.com\/creativecollective.es\/\" \/>\n<meta property=\"article:modified_time\" content=\"2025-08-21T14:26:06+00:00\" \/>\n<meta property=\"og:image\" content=\"https:\/\/creativecollectiveweddings.com\/wp-content\/uploads\/2025\/02\/harriet-glenn0850-scaled-e1738886409604.jpg\" \/>\n\t<meta property=\"og:image:width\" content=\"1050\" \/>\n\t<meta property=\"og:image:height\" content=\"1450\" \/>\n\t<meta property=\"og:image:type\" content=\"image\/jpeg\" \/>\n<meta name=\"twitter:card\" content=\"summary_large_image\" \/>\n<meta name=\"twitter:label1\" content=\"Tiempo de lectura\" \/>\n\t<meta name=\"twitter:data1\" content=\"1 minuto\" \/>\n<!-- \/ Yoast SEO Premium plugin. -->","yoast_head_json":{"title":"Creative Collective &#8226; Wedding Planner in Spain, Costa Blanca &#8226; Planning Lounge - Login","description":"\u00a1Planifiquemos juntos la boda de sus sue\u00f1os! Ofrecemos un servicio de planificaci\u00f3n de bodas mediterr\u00e1neas en la playa y r\u00fasticas realmente \u00fanico, incre\u00edble en Espa\u00f1a, cubriendo la Costa Blanca y otras regiones.","robots":{"index":"index","follow":"follow","max-snippet":"max-snippet:-1","max-image-preview":"max-image-preview:large","max-video-preview":"max-video-preview:-1"},"canonical":"https:\/\/creativecollectiveweddings.com\/es\/salon\/","og_locale":"es_ES","og_type":"article","og_title":"Creative Collective &#8226; Wedding Planner in Spain, Costa Blanca &#8226; Planning Lounge - Login","og_description":"Let's plan your dream wedding together! We offer trully unique, unbelievable rustic and beach Mediterranean weddings planning service in Spain, covering Costa Blanca and other regions.","og_url":"https:\/\/creativecollectiveweddings.com\/es\/salon\/","og_site_name":"Creative Collective","article_publisher":"https:\/\/www.facebook.com\/creativecollective.es\/","article_modified_time":"2025-08-21T14:26:06+00:00","og_image":[{"width":1050,"height":1450,"url":"https:\/\/creativecollectiveweddings.com\/wp-content\/uploads\/2025\/02\/harriet-glenn0850-scaled-e1738886409604.jpg","type":"image\/jpeg"}],"twitter_card":"summary_large_image","twitter_misc":{"Tiempo de lectura":"1 minuto"},"schema":{"@context":"https:\/\/schema.org","@graph":[{"@type":"WebPage","@id":"https:\/\/creativecollectiveweddings.com\/lounge\/","url":"https:\/\/creativecollectiveweddings.com\/lounge\/","name":"Creative Collective &#8226; Wedding Planner in Spain, Costa Blanca &#8226; Planning Lounge - Login","isPartOf":{"@id":"https:\/\/creativecollectiveweddings.com\/#website"},"primaryImageOfPage":{"@id":"https:\/\/creativecollectiveweddings.com\/lounge\/#primaryimage"},"image":{"@id":"https:\/\/creativecollectiveweddings.com\/lounge\/#primaryimage"},"thumbnailUrl":"https:\/\/creativecollectiveweddings.com\/wp-content\/uploads\/2025\/02\/harriet-glenn0850-scaled-e1738886409604.jpg","datePublished":"2025-02-01T22:56:24+00:00","dateModified":"2025-08-21T14:26:06+00:00","description":"\u00a1Planifiquemos juntos la boda de sus sue\u00f1os! Ofrecemos un servicio de planificaci\u00f3n de bodas mediterr\u00e1neas en la playa y r\u00fasticas realmente \u00fanico, incre\u00edble en Espa\u00f1a, cubriendo la Costa Blanca y otras regiones.","breadcrumb":{"@id":"https:\/\/creativecollectiveweddings.com\/lounge\/#breadcrumb"},"inLanguage":"es","potentialAction":[{"@type":"ReadAction","target":["https:\/\/creativecollectiveweddings.com\/lounge\/"]}]},{"@type":"ImageObject","inLanguage":"es","@id":"https:\/\/creativecollectiveweddings.com\/lounge\/#primaryimage","url":"https:\/\/creativecollectiveweddings.com\/wp-content\/uploads\/2025\/02\/harriet-glenn0850-scaled-e1738886409604.jpg","contentUrl":"https:\/\/creativecollectiveweddings.com\/wp-content\/uploads\/2025\/02\/harriet-glenn0850-scaled-e1738886409604.jpg"},{"@type":"BreadcrumbList","@id":"https:\/\/creativecollectiveweddings.com\/lounge\/#breadcrumb","itemListElement":[{"@type":"ListItem","position":1,"name":"Home","item":"https:\/\/creativecollectiveweddings.com\/"},{"@type":"ListItem","position":2,"name":"Planning Lounge &#8211; Login"}]},{"@type":"WebSite","@id":"https:\/\/creativecollectiveweddings.com\/#website","url":"https:\/\/creativecollectiveweddings.com\/","name":"Creative Collective","description":"Wedding Planner en Costa Blanca Espa\u00f1a","publisher":{"@id":"https:\/\/creativecollectiveweddings.com\/#organization"},"potentialAction":[{"@type":"SearchAction","target":{"@type":"EntryPoint","urlTemplate":"https:\/\/creativecollectiveweddings.com\/?s={search_term_string}"},"query-input":{"@type":"PropertyValueSpecification","valueRequired":true,"valueName":"search_term_string"}}],"inLanguage":"es"},{"@type":"Organization","@id":"https:\/\/creativecollectiveweddings.com\/#organization","name":"Creative Collective","url":"https:\/\/creativecollectiveweddings.com\/","logo":{"@type":"ImageObject","inLanguage":"es","@id":"https:\/\/creativecollectiveweddings.com\/#\/schema\/logo\/image\/","url":"https:\/\/creativecollectiveweddings.com\/wp-content\/uploads\/2024\/03\/Logo.svg","contentUrl":"https:\/\/creativecollectiveweddings.com\/wp-content\/uploads\/2024\/03\/Logo.svg","width":1528,"height":807,"caption":"Creative Collective"},"image":{"@id":"https:\/\/creativecollectiveweddings.com\/#\/schema\/logo\/image\/"},"sameAs":["https:\/\/www.facebook.com\/creativecollective.es\/","https:\/\/www.instagram.com\/amiecreativecollective.es\/"],"description":"Dirigido por Amie Shilan, una experimentada organizadora de bodas de destino con un profundo amor por J\u00e1vea y la Costa Blanca, Creative Collective ofrece un enfoque personalizado y pr\u00e1ctico para crear bodas inolvidables a lo largo de la costa mediterr\u00e1nea de Espa\u00f1a, desde Alicante hasta Valencia.","email":"amie@reativecollective.es","telephone":"+34691326544","legalName":"Creative Collective","foundingDate":"2027-01-01","numberOfEmployees":{"@type":"QuantitativeValue","minValue":"1","maxValue":"10"},"ownershipFundingInfo":"https:\/\/creativecollectiveweddings.com\/","correctionsPolicy":"https:\/\/creativecollectiveweddings.com\/contact\/"}]}},"_links":{"self":[{"href":"https:\/\/creativecollectiveweddings.com\/es\/wp-json\/wp\/v2\/pages\/791","targetHints":{"allow":["GET"]}}],"collection":[{"href":"https:\/\/creativecollectiveweddings.com\/es\/wp-json\/wp\/v2\/pages"}],"about":[{"href":"https:\/\/creativecollectiveweddings.com\/es\/wp-json\/wp\/v2\/types\/page"}],"author":[{"embeddable":true,"href":"https:\/\/creativecollectiveweddings.com\/es\/wp-json\/wp\/v2\/users\/1"}],"replies":[{"embeddable":true,"href":"https:\/\/creativecollectiveweddings.com\/es\/wp-json\/wp\/v2\/comments?post=791"}],"version-history":[{"count":18,"href":"https:\/\/creativecollectiveweddings.com\/es\/wp-json\/wp\/v2\/pages\/791\/revisions"}],"predecessor-version":[{"id":4338,"href":"https:\/\/creativecollectiveweddings.com\/es\/wp-json\/wp\/v2\/pages\/791\/revisions\/4338"}],"wp:attachment":[{"href":"https:\/\/creativecollectiveweddings.com\/es\/wp-json\/wp\/v2\/media?parent=791"}],"wp:term":[{"taxonomy":"category","embeddable":true,"href":"https:\/\/creativecollectiveweddings.com\/es\/wp-json\/wp\/v2\/categories?post=791"},{"taxonomy":"post_tag","embeddable":true,"href":"https:\/\/creativecollectiveweddings.com\/es\/wp-json\/wp\/v2\/tags?post=791"}],"curies":[{"name":"gracias","href":"https:\/\/api.w.org\/{rel}","templated":true}]}}