{"id":49,"date":"2025-02-01T13:07:17","date_gmt":"2025-02-01T12:07:17","guid":{"rendered":"https:\/\/buzzblogprotheme.com\/isabelle-roche\/?page_id=49"},"modified":"2025-02-09T17:07:36","modified_gmt":"2025-02-09T16:07:36","slug":"contacto","status":"publish","type":"page","link":"https:\/\/creativecollectiveweddings.com\/es\/contacto\/","title":{"rendered":"Contacto"},"content":{"rendered":"<div data-elementor-type=\"wp-page\" data-elementor-id=\"49\" class=\"elementor elementor-49\" data-elementor-post-type=\"page\">\n\t\t\t\t<div class=\"elementor-element elementor-element-79b207e e-flex e-con-boxed e-con e-parent\" data-id=\"79b207e\" data-element_type=\"container\" data-e-type=\"container\">\n\t\t\t\t\t<div class=\"e-con-inner\">\n\t\t<div class=\"elementor-element elementor-element-e3a751e e-con-full e-flex e-con e-child\" data-id=\"e3a751e\" data-element_type=\"container\" data-e-type=\"container\">\n\t\t\t\t<\/div>\n\t\t<div class=\"elementor-element elementor-element-bbe5aa4 e-con-full e-flex e-con e-child\" data-id=\"bbe5aa4\" data-element_type=\"container\" data-e-type=\"container\">\n\t\t\t\t<div class=\"elementor-element elementor-element-273ec2a elementor-widget elementor-widget-heading\" data-id=\"273ec2a\" data-element_type=\"widget\" data-e-type=\"widget\" data-settings=\"{&quot;buzzblog_hidepaged&quot;:&quot;false&quot;}\" data-widget_type=\"heading.default\">\n\t\t\t\t<div class=\"elementor-widget-container\">\n\t\t\t\t\t<h2 class=\"elementor-heading-title elementor-size-default\">Del \u201cS\u00ed\u201d al \u201cS\u00ed, quiero\u201d<\/h2>\t\t\t\t<\/div>\n\t\t\t\t<\/div>\n\t\t\t\t<div class=\"elementor-element elementor-element-256aa43 elementor-widget elementor-widget-heading\" data-id=\"256aa43\" data-element_type=\"widget\" data-e-type=\"widget\" data-settings=\"{&quot;buzzblog_hidepaged&quot;:&quot;false&quot;}\" data-widget_type=\"heading.default\">\n\t\t\t\t<div class=\"elementor-widget-container\">\n\t\t\t\t\t<h2 class=\"elementor-heading-title elementor-size-default\">\u2013 Hablemos<\/h2>\t\t\t\t<\/div>\n\t\t\t\t<\/div>\n\t\t\t\t<div class=\"elementor-element elementor-element-8da1abd elementor-widget elementor-widget-text-editor\" data-id=\"8da1abd\" data-element_type=\"widget\" data-e-type=\"widget\" data-settings=\"{&quot;buzzblog_hidepaged&quot;:&quot;false&quot;}\" data-widget_type=\"text-editor.default\">\n\t\t\t\t<div class=\"elementor-widget-container\">\n\t\t\t\t\t\t\t\t\t<p>Lo primero y m\u00e1s importante es que: <strong>\u00a1Felicitaciones por su compromiso!<\/strong> Este es un momento muy emocionante y no podr\u00eda estar m\u00e1s feliz por ti. \u00a1Planear una boda es un viaje hermoso y me encantar\u00eda ser parte del tuyo!<\/p><p>Para comenzar, simplemente complete este breve cuestionario para que pueda conocer m\u00e1s sobre su visi\u00f3n, estilo y d\u00eda de ensue\u00f1o. Cuantos m\u00e1s detalles comparta, mejor podr\u00e9 adaptar mis servicios para que su boda sea verdaderamente inolvidable.<\/p><p>\u00a1No puedo esperar a escuchar tu historia de amor y ayudarte a hacer realidad la boda de tus sue\u00f1os!<\/p><p>Si lo prefieres puedes enviarnos los siguientes datos\u00a0<span style=\"background-color: transparent; letter-spacing: 0px;\">a\u00a0<\/span><a style=\"letter-spacing: 0px;\" href=\"mailto:amie@creativecollective.es\">amie@creativecollective.es<\/a><span style=\"background-color: transparent; letter-spacing: 0px;\">\u00a0<\/span><span style=\"background-color: transparent; letter-spacing: 0px;\"><br \/>o llamar <\/span><a style=\"letter-spacing: 0px;\" href=\"tel:+34691326544\">+34 691 32 65 44<\/a>.<\/p>\t\t\t\t\t\t\t\t<\/div>\n\t\t\t\t<\/div>\n\t\t\t\t<\/div>\n\t\t<div class=\"elementor-element elementor-element-9a59bf8 e-con-full e-flex e-con e-child\" data-id=\"9a59bf8\" data-element_type=\"container\" data-e-type=\"container\">\n\t\t\t\t<\/div>\n\t\t<div class=\"elementor-element elementor-element-0820964 e-con-full e-flex e-con e-child\" data-id=\"0820964\" data-element_type=\"container\" data-e-type=\"container\">\n\t\t\t\t<div class=\"elementor-element elementor-element-97a2b39 buzzblog-contact-form-7-button-full-width elementor-widget elementor-widget-buzzblog-contact-form-7\" data-id=\"97a2b39\" data-element_type=\"widget\" data-e-type=\"widget\" data-settings=\"{&quot;buzzblog_hidepaged&quot;:&quot;false&quot;}\" data-widget_type=\"buzzblog-contact-form-7.default\">\n\t\t\t\t<div class=\"elementor-widget-container\">\n\t\t\t\t\t<div class=\"buzzblog-contact-form-7-wrapper buzzblog-contact-form buzzblog-contact-form-7 buzzblog-contact-form-97a2b39 buzzblog-contact-form-align-center\">\n                <div class=\"buzzblog-contact-form-7-inner\">\n<div class=\"wpcf7 no-js\" id=\"wpcf7-f128-o1\" lang=\"en-US\" dir=\"ltr\" data-wpcf7-id=\"128\">\n<div class=\"screen-reader-response\"><p role=\"status\" aria-live=\"polite\" aria-atomic=\"true\"><\/p> <ul><\/ul><\/div>\n<form action=\"\/es\/wp-json\/wp\/v2\/pages\/49#wpcf7-f128-o1\" method=\"post\" class=\"wpcf7-form init\" aria-label=\"Formulario de contacto\" novalidate=\"novalidate\" data-status=\"init\" data-trp-original-action=\"\/es\/wp-json\/wp\/v2\/pages\/49#wpcf7-f128-o1\">\n<fieldset class=\"hidden-fields-container\"><input type=\"hidden\" name=\"_wpcf7\" value=\"128\" \/><input type=\"hidden\" name=\"_wpcf7_version\" value=\"6.1.5\" \/><input type=\"hidden\" name=\"_wpcf7_locale\" value=\"en_US\" \/><input type=\"hidden\" name=\"_wpcf7_unit_tag\" value=\"wpcf7-f128-o1\" \/><input type=\"hidden\" name=\"_wpcf7_container_post\" value=\"0\" \/><input type=\"hidden\" name=\"_wpcf7_posted_data_hash\" value=\"\" \/><input type=\"hidden\" name=\"_wpcf7_recaptcha_response\" value=\"\" \/>\n<\/fieldset>\n<div class=\"row\">\n\t<div class=\"col-lg-6\">\n\t\t<p><label>Nombre de la novia*<\/label><br \/>\n<span class=\"wpcf7-form-control-wrap\" data-name=\"bride-name\"><input size=\"40\" maxlength=\"400\" class=\"wpcf7-form-control wpcf7-text wpcf7-validates-as-required\" aria-required=\"true\" aria-invalid=\"false\" value=\"\" type=\"text\" name=\"bride-name\" \/><\/span>\n\t\t<\/p>\n\t<\/div>\n\t<div class=\"col-lg-6\">\n\t\t<p><label>Nombre del novio*<\/label><br \/>\n<span class=\"wpcf7-form-control-wrap\" data-name=\"groom-name\"><input size=\"40\" maxlength=\"400\" class=\"wpcf7-form-control wpcf7-text wpcf7-validates-as-required\" aria-required=\"true\" aria-invalid=\"false\" value=\"\" type=\"text\" name=\"groom-name\" \/><\/span>\n\t\t<\/p>\n\t<\/div>\n<\/div>\n<div class=\"row\">\n\t<div class=\"col-lg-6\">\n\t\t<p><label>Su correo electr\u00f3nico*<\/label><br \/>\n<span class=\"wpcf7-form-control-wrap\" data-name=\"your-email\"><input size=\"40\" maxlength=\"400\" class=\"wpcf7-form-control wpcf7-email wpcf7-validates-as-required wpcf7-text wpcf7-validates-as-email\" autocomplete=\"email\" aria-required=\"true\" aria-invalid=\"false\" value=\"\" type=\"email\" name=\"your-email\" \/><\/span>\n\t\t<\/p>\n\t<\/div>\n\t<div class=\"col-lg-6\">\n\t\t<p><label>Tu tel\u00e9fono*<\/label><br \/>\n<span class=\"wpcf7-form-control-wrap\" data-name=\"phone\"><input size=\"40\" maxlength=\"400\" class=\"wpcf7-form-control wpcf7-text wpcf7-validates-as-required\" aria-required=\"true\" aria-invalid=\"false\" value=\"\" type=\"text\" name=\"phone\" \/><\/span>\n\t\t<\/p>\n\t<\/div>\n<\/div>\n<p><label>Fecha en la que desea casarse*<\/label><br \/>\n<span class=\"wpcf7-form-control-wrap\" data-name=\"dates\"><input size=\"40\" maxlength=\"400\" class=\"wpcf7-form-control wpcf7-text wpcf7-validates-as-required\" aria-required=\"true\" aria-invalid=\"false\" value=\"\" type=\"text\" name=\"dates\" \/><\/span>\n<\/p>\n<div class=\"row\">\n\t<div class=\"col-lg-6\">\n\t\t<p><label>Tipo de ceremonia*<\/label><br \/>\n<span class=\"wpcf7-form-control-wrap\" data-name=\"ceremony\"><input size=\"40\" maxlength=\"400\" class=\"wpcf7-form-control wpcf7-text wpcf7-validates-as-required\" aria-required=\"true\" aria-invalid=\"false\" value=\"\" type=\"text\" name=\"ceremony\" \/><\/span>\n\t\t<\/p>\n\t<\/div>\n\t<div class=\"col-lg-6\">\n\t\t<p><label>Tipo de lugar*<\/label><br \/>\n<span class=\"wpcf7-form-control-wrap\" data-name=\"venue\"><input size=\"40\" maxlength=\"400\" class=\"wpcf7-form-control wpcf7-text wpcf7-validates-as-required\" aria-required=\"true\" aria-invalid=\"false\" value=\"\" type=\"text\" name=\"venue\" \/><\/span>\n\t\t<\/p>\n\t<\/div>\n<\/div>\n<div class=\"row\">\n\t<div class=\"col-lg-6\">\n\t\t<p><label>Tema\/estilo*<\/label><br \/>\n<span class=\"wpcf7-form-control-wrap\" data-name=\"style\"><input size=\"40\" maxlength=\"400\" class=\"wpcf7-form-control wpcf7-text wpcf7-validates-as-required\" aria-required=\"true\" aria-invalid=\"false\" value=\"\" type=\"text\" name=\"style\" \/><\/span>\n\t\t<\/p>\n\t<\/div>\n\t<div class=\"col-lg-6\">\n\t\t<p><label>Servicio(s) que necesita*<\/label><br \/>\n<span class=\"wpcf7-form-control-wrap\" data-name=\"services\"><input size=\"40\" maxlength=\"400\" class=\"wpcf7-form-control wpcf7-text wpcf7-validates-as-required\" aria-required=\"true\" aria-invalid=\"false\" value=\"\" type=\"text\" name=\"services\" \/><\/span>\n\t\t<\/p>\n\t<\/div>\n<\/div>\n<div class=\"row\">\n\t<div class=\"col-lg-6\">\n\t\t<p><label>N\u00famero de invitados*<\/label><br \/>\n<span class=\"wpcf7-form-control-wrap\" data-name=\"guests\"><input size=\"40\" maxlength=\"400\" class=\"wpcf7-form-control wpcf7-text wpcf7-validates-as-required\" aria-required=\"true\" aria-invalid=\"false\" value=\"\" type=\"text\" name=\"guests\" \/><\/span>\n\t\t<\/p>\n\t<\/div>\n\t<div class=\"col-lg-6\">\n\t\t<p><label>Presupuesto aproximado (\u20ac)*<\/label><br \/>\n<span class=\"wpcf7-form-control-wrap\" data-name=\"budget\"><input size=\"40\" maxlength=\"400\" class=\"wpcf7-form-control wpcf7-text wpcf7-validates-as-required\" aria-required=\"true\" aria-invalid=\"false\" value=\"\" type=\"text\" name=\"budget\" \/><\/span>\n\t\t<\/p>\n\t<\/div>\n<\/div>\n<p><label>Cualquier nota o requerimiento especial <\/label><br \/>\n<span class=\"wpcf7-form-control-wrap\" data-name=\"your-message\"><textarea cols=\"40\" rows=\"10\" maxlength=\"2000\" class=\"wpcf7-form-control wpcf7-textarea\" aria-invalid=\"false\" name=\"your-message\"><\/textarea><\/span>\n<\/p>\n<p class=\"submit-cf7\"><input class=\"wpcf7-form-control wpcf7-submit has-spinner\" type=\"submit\" value=\"Enviar formulario\" \/>\n<\/p><div class=\"wpcf7-response-output\" aria-hidden=\"true\"><\/div>\n<input type=\"hidden\" name=\"trp-form-language\" value=\"es\"\/><\/form>\n<\/div>\n<\/div>\n            <\/div>\t\t\t\t<\/div>\n\t\t\t\t<\/div>\n\t\t\t\t<\/div>\n\t\t\t\t\t<\/div>\n\t\t\t\t<\/div>\n\t\t\t\t<\/div>","protected":false},"excerpt":{"rendered":"<p>Del &quot;S\u00ed&quot; al &quot;Acepto&quot;: Hablemos. Ante todo, \u00a1felicitaciones por su compromiso! Es un momento muy emocionante y no podr\u00eda estar m\u00e1s...<\/p>","protected":false},"author":1,"featured_media":0,"parent":0,"menu_order":0,"comment_status":"closed","ping_status":"closed","template":"","meta":{"footnotes":""},"class_list":["post-49","page","type-page","status-publish","hentry"],"yoast_head":"<!-- This site is optimized with the Yoast SEO Premium plugin v24.4 (Yoast SEO v27.4) - https:\/\/yoast.com\/product\/yoast-seo-premium-wordpress\/ -->\n<title>Creative Collective &#8226; Wedding Planner in Spain, Costa Blanca &#8226; Contact<\/title>\n<meta name=\"description\" content=\"Let&#039;s plan your dream wedding together! We offer trully unique, unbelievable rustic and beach Mediterranean weddings planning service in Spain, covering Costa Blanca and other regions.\" \/>\n<meta name=\"robots\" content=\"index, follow, max-snippet:-1, max-image-preview:large, max-video-preview:-1\" \/>\n<link rel=\"canonical\" href=\"https:\/\/creativecollectiveweddings.com\/es\/contacto\/\" \/>\n<meta property=\"og:locale\" content=\"es_ES\" \/>\n<meta property=\"og:type\" content=\"article\" \/>\n<meta property=\"og:title\" content=\"Creative Collective &#8226; Wedding Planner in Spain, Costa Blanca &#8226; Contact\" \/>\n<meta property=\"og:description\" content=\"Let&#039;s plan your dream wedding together! We offer trully unique, unbelievable rustic and beach Mediterranean weddings planning service in Spain, covering Costa Blanca and other regions.\" \/>\n<meta property=\"og:url\" content=\"https:\/\/creativecollectiveweddings.com\/es\/contacto\/\" \/>\n<meta property=\"og:site_name\" content=\"Creative Collective\" \/>\n<meta property=\"article:publisher\" content=\"https:\/\/www.facebook.com\/creativecollective.es\/\" \/>\n<meta property=\"article:modified_time\" content=\"2025-02-09T16:07:36+00:00\" \/>\n<meta property=\"og:image\" content=\"https:\/\/creativecollectiveweddings.com\/wp-content\/uploads\/2025\/02\/harriet-glenn0850-1-scaled.jpg\" \/>\n\t<meta property=\"og:image:width\" content=\"2560\" \/>\n\t<meta property=\"og:image:height\" content=\"1703\" \/>\n\t<meta property=\"og:image:type\" content=\"image\/jpeg\" \/>\n<meta name=\"twitter:card\" content=\"summary_large_image\" \/>\n<meta name=\"twitter:label1\" content=\"Tiempo de lectura\" \/>\n\t<meta name=\"twitter:data1\" content=\"1 minuto\" \/>\n<!-- \/ Yoast SEO Premium plugin. -->","yoast_head_json":{"title":"Colectivo Creativo \u2022 Organizador de Bodas en Espa\u00f1a, Costa Blanca \u2022 Contacto","description":"\u00a1Planifiquemos juntos la boda de sus sue\u00f1os! Ofrecemos un servicio de planificaci\u00f3n de bodas mediterr\u00e1neas en la playa y r\u00fasticas realmente \u00fanico, incre\u00edble en Espa\u00f1a, cubriendo la Costa Blanca y otras regiones.","robots":{"index":"index","follow":"follow","max-snippet":"max-snippet:-1","max-image-preview":"max-image-preview:large","max-video-preview":"max-video-preview:-1"},"canonical":"https:\/\/creativecollectiveweddings.com\/es\/contacto\/","og_locale":"es_ES","og_type":"article","og_title":"Creative Collective &#8226; Wedding Planner in Spain, Costa Blanca &#8226; Contact","og_description":"Let's plan your dream wedding together! We offer trully unique, unbelievable rustic and beach Mediterranean weddings planning service in Spain, covering Costa Blanca and other regions.","og_url":"https:\/\/creativecollectiveweddings.com\/es\/contacto\/","og_site_name":"Creative Collective","article_publisher":"https:\/\/www.facebook.com\/creativecollective.es\/","article_modified_time":"2025-02-09T16:07:36+00:00","og_image":[{"width":2560,"height":1703,"url":"https:\/\/creativecollectiveweddings.com\/wp-content\/uploads\/2025\/02\/harriet-glenn0850-1-scaled.jpg","type":"image\/jpeg"}],"twitter_card":"summary_large_image","twitter_misc":{"Tiempo de lectura":"1 minuto"},"schema":{"@context":"https:\/\/schema.org","@graph":[{"@type":"WebPage","@id":"https:\/\/creativecollectiveweddings.com\/contact\/","url":"https:\/\/creativecollectiveweddings.com\/contact\/","name":"Colectivo Creativo \u2022 Organizador de Bodas en Espa\u00f1a, Costa Blanca \u2022 Contacto","isPartOf":{"@id":"https:\/\/creativecollectiveweddings.com\/#website"},"datePublished":"2025-02-01T12:07:17+00:00","dateModified":"2025-02-09T16:07:36+00:00","description":"\u00a1Planifiquemos juntos la boda de sus sue\u00f1os! Ofrecemos un servicio de planificaci\u00f3n de bodas mediterr\u00e1neas en la playa y r\u00fasticas realmente \u00fanico, incre\u00edble en Espa\u00f1a, cubriendo la Costa Blanca y otras regiones.","breadcrumb":{"@id":"https:\/\/creativecollectiveweddings.com\/contact\/#breadcrumb"},"inLanguage":"es","potentialAction":[{"@type":"ReadAction","target":["https:\/\/creativecollectiveweddings.com\/contact\/"]}]},{"@type":"BreadcrumbList","@id":"https:\/\/creativecollectiveweddings.com\/contact\/#breadcrumb","itemListElement":[{"@type":"ListItem","position":1,"name":"Home","item":"https:\/\/creativecollectiveweddings.com\/"},{"@type":"ListItem","position":2,"name":"Contact"}]},{"@type":"WebSite","@id":"https:\/\/creativecollectiveweddings.com\/#website","url":"https:\/\/creativecollectiveweddings.com\/","name":"Creative Collective","description":"Wedding Planner en Costa Blanca Espa\u00f1a","publisher":{"@id":"https:\/\/creativecollectiveweddings.com\/#organization"},"potentialAction":[{"@type":"SearchAction","target":{"@type":"EntryPoint","urlTemplate":"https:\/\/creativecollectiveweddings.com\/?s={search_term_string}"},"query-input":{"@type":"PropertyValueSpecification","valueRequired":true,"valueName":"search_term_string"}}],"inLanguage":"es"},{"@type":"Organization","@id":"https:\/\/creativecollectiveweddings.com\/#organization","name":"Creative Collective","url":"https:\/\/creativecollectiveweddings.com\/","logo":{"@type":"ImageObject","inLanguage":"es","@id":"https:\/\/creativecollectiveweddings.com\/#\/schema\/logo\/image\/","url":"https:\/\/creativecollectiveweddings.com\/wp-content\/uploads\/2024\/03\/Logo.svg","contentUrl":"https:\/\/creativecollectiveweddings.com\/wp-content\/uploads\/2024\/03\/Logo.svg","width":1528,"height":807,"caption":"Creative Collective"},"image":{"@id":"https:\/\/creativecollectiveweddings.com\/#\/schema\/logo\/image\/"},"sameAs":["https:\/\/www.facebook.com\/creativecollective.es\/","https:\/\/www.instagram.com\/amiecreativecollective.es\/"],"description":"Dirigido por Amie Shilan, una experimentada organizadora de bodas de destino con un profundo amor por J\u00e1vea y la Costa Blanca, Creative Collective ofrece un enfoque personalizado y pr\u00e1ctico para crear bodas inolvidables a lo largo de la costa mediterr\u00e1nea de Espa\u00f1a, desde Alicante hasta Valencia.","email":"amie@reativecollective.es","telephone":"+34691326544","legalName":"Creative Collective","foundingDate":"2027-01-01","numberOfEmployees":{"@type":"QuantitativeValue","minValue":"1","maxValue":"10"},"ownershipFundingInfo":"https:\/\/creativecollectiveweddings.com\/","correctionsPolicy":"https:\/\/creativecollectiveweddings.com\/contact\/"}]}},"_links":{"self":[{"href":"https:\/\/creativecollectiveweddings.com\/es\/wp-json\/wp\/v2\/pages\/49","targetHints":{"allow":["GET"]}}],"collection":[{"href":"https:\/\/creativecollectiveweddings.com\/es\/wp-json\/wp\/v2\/pages"}],"about":[{"href":"https:\/\/creativecollectiveweddings.com\/es\/wp-json\/wp\/v2\/types\/page"}],"author":[{"embeddable":true,"href":"https:\/\/creativecollectiveweddings.com\/es\/wp-json\/wp\/v2\/users\/1"}],"replies":[{"embeddable":true,"href":"https:\/\/creativecollectiveweddings.com\/es\/wp-json\/wp\/v2\/comments?post=49"}],"version-history":[{"count":0,"href":"https:\/\/creativecollectiveweddings.com\/es\/wp-json\/wp\/v2\/pages\/49\/revisions"}],"wp:attachment":[{"href":"https:\/\/creativecollectiveweddings.com\/es\/wp-json\/wp\/v2\/media?parent=49"}],"curies":[{"name":"gracias","href":"https:\/\/api.w.org\/{rel}","templated":true}]}}