{"id":368,"date":"2025-02-01T13:00:03","date_gmt":"2025-02-01T12:00:03","guid":{"rendered":"https:\/\/creativecollectiveweddings.com\/?page_id=368"},"modified":"2025-02-09T17:08:11","modified_gmt":"2025-02-09T16:08:11","slug":"politica-de-privacidad","status":"publish","type":"page","link":"https:\/\/creativecollectiveweddings.com\/es\/politica-de-privacidad\/","title":{"rendered":"Pol\u00edtica de privacidad"},"content":{"rendered":"<div data-elementor-type=\"wp-page\" data-elementor-id=\"368\" class=\"elementor elementor-368\" data-elementor-post-type=\"page\">\n\t\t\t\t<div class=\"elementor-element elementor-element-2c985b6b e-flex e-con-boxed e-con e-parent\" data-id=\"2c985b6b\" data-element_type=\"container\" data-e-type=\"container\">\n\t\t\t\t\t<div class=\"e-con-inner\">\n\t\t\t\t<div class=\"elementor-element elementor-element-160dcef2 elementor-widget elementor-widget-text-editor\" data-id=\"160dcef2\" data-element_type=\"widget\" data-e-type=\"widget\" data-settings=\"{&quot;buzzblog_hidepaged&quot;:&quot;false&quot;}\" data-widget_type=\"text-editor.default\">\n\t\t\t\t<div class=\"elementor-widget-container\">\n\t\t\t\t\t\t\t\t\t<p>Creative Collective se compromete a salvaguardar su privacidad. Contactanos en\u00a0<a href=\"mailto:amie@creativecollective.es\">amie@creativecollective.es<\/a>\u00a0si tiene alguna pregunta o problema con respecto al uso de sus Datos personales y con gusto lo atenderemos.<\/p><p>Al utilizar este sitio o nuestros servicios, usted acepta el procesamiento de sus datos personales como se describe en esta Pol\u00edtica de privacidad.<\/p><h3>Tabla de contenido<\/h3><ol><li><a href=\"#gdpr-definitions\">Definiciones utilizadas en esta Pol\u00edtica<\/a><\/li><li><a href=\"#gdpr-principles\">Principios de protecci\u00f3n de datos que seguimos<\/a><\/li><li><a href=\"#gdpr-rights\">\u00bfQu\u00e9 derechos tiene con respecto a sus datos personales?<\/a><\/li><li><a href=\"#gdpr-information\">Qu\u00e9 datos personales recopilamos sobre usted<\/a><\/li><li><a href=\"#gdpr-processing\">C\u00f3mo usamos sus datos personales<\/a><\/li><li><a href=\"#gdpr-sharing\">Qui\u00e9n m\u00e1s tiene acceso a sus datos personales<\/a><\/li><li><a href=\"#gdpr-security\">C\u00f3mo protegemos sus datos<\/a><\/li><li><a href=\"#gdpr-cookies\">Informaci\u00f3n sobre cookies<\/a><\/li><li><a href=\"#gdpr-contact\">Informaci\u00f3n del contacto<\/a><\/li><\/ol><h3>Definiciones<\/h3><p><strong>Informaci\u00f3n personal<\/strong>\u00a0- cualquier informaci\u00f3n relacionada con una persona f\u00edsica identificada o identificable.<br \/><strong>Procesando<\/strong>\u00a0- cualquier operaci\u00f3n o conjunto de operaciones que se realice sobre Datos personales o sobre conjuntos de Datos personales.<br \/><strong>Sujeto de datos<\/strong>\u00a0- una persona f\u00edsica cuyos datos personales se est\u00e9n procesando.<br \/><strong>Ni\u00f1o<\/strong>\u00a0- una persona f\u00edsica menor de 16 a\u00f1os.<br \/><strong>Nosotros<\/strong>\u00a0(ya sea en may\u00fascula o no) - Creative Collective<\/p><h3>Principios de protecci\u00f3n de datos<\/h3><p>Prometemos seguir los siguientes principios de protecci\u00f3n de datos:<\/p><ul><li>El procesamiento es legal, justo y transparente. Nuestras actividades de procesamiento tienen bases legales. Siempre consideramos sus derechos antes de procesar datos personales. Le proporcionaremos informaci\u00f3n sobre el procesamiento si lo solicita.<\/li><li>El procesamiento se limita al prop\u00f3sito. Nuestras actividades de procesamiento se ajustan al prop\u00f3sito para el que se recopilaron los datos personales.<\/li><li>El procesamiento se realiza con datos m\u00ednimos. Solo recopilamos y procesamos la cantidad m\u00ednima de datos personales necesarios para cualquier prop\u00f3sito.<\/li><li>El procesamiento est\u00e1 limitado por un per\u00edodo de tiempo. No almacenaremos sus datos personales por m\u00e1s tiempo del necesario.<\/li><li>Haremos todo lo posible para garantizar la exactitud de los datos.<\/li><li>Haremos todo lo posible para garantizar la integridad y confidencialidad de los datos.<\/li><\/ul><h3 id=\"gdpr-rights\">Derechos del interesado<\/h3><p>El interesado tiene los siguientes derechos:<\/p><ol><li>Derecho a la informaci\u00f3n, lo que significa que tiene derecho a saber si se est\u00e1n procesando sus Datos personales; qu\u00e9 datos se recopilan, de d\u00f3nde se obtienen y por qu\u00e9 y por qui\u00e9n se procesan.<\/li><li>Derecho de acceso, lo que significa que tiene derecho a acceder a los datos recopilados de \/ sobre usted. Esto incluye su derecho a solicitar y obtener una copia de sus Datos personales recopilados.<\/li><li>Derecho a rectificaci\u00f3n, lo que significa que tiene derecho a solicitar la rectificaci\u00f3n o el borrado de sus Datos personales que sean inexactos o incompletos.<\/li><li>Derecho de borrado, es decir, en determinadas circunstancias, puede solicitar que se borren sus datos personales de nuestros registros.<\/li><li>Derecho a restringir el procesamiento, es decir, cuando se aplican ciertas condiciones, tiene derecho a restringir el procesamiento de sus datos personales.<\/li><li>Derecho a oponerse al procesamiento, es decir, en ciertos casos, tiene derecho a oponerse al procesamiento de sus datos personales, por ejemplo, en el caso del marketing directo.<\/li><li>Derecho a oponerse al procesamiento automatizado, lo que significa que tiene derecho a oponerse al procesamiento automatizado, incluida la elaboraci\u00f3n de perfiles; y no estar sujeto a una decisi\u00f3n basada \u00fanicamente en el procesamiento automatizado. Este derecho puede ejercerlo siempre que exista un resultado de la elaboraci\u00f3n de perfiles que produzca efectos legales que le afecten o le afecten significativamente.<\/li><li>Derecho a la portabilidad de datos: tiene derecho a obtener sus Datos personales en un formato legible por m\u00e1quina o, si es posible, como una transferencia directa de un Procesador a otro.<\/li><li>Derecho a presentar una queja: en caso de que rechacemos su solicitud en virtud de los Derechos de acceso, le proporcionaremos un motivo. Si no est\u00e1 satisfecho con la forma en que se ha manejado su solicitud, comun\u00edquese con nosotros.<\/li><li>Adecuado para la ayuda de\u00a0<a href=\"#gdpr-contact\">autoridad supervisora<\/a>\u00a0- lo que significa que tiene derecho a la ayuda de una autoridad supervisora y el derecho a otros recursos legales, como reclamar da\u00f1os y perjuicios.<\/li><li>Derecho a retirar el consentimiento: tiene derecho a retirar cualquier consentimiento otorgado para el procesamiento de sus datos personales.<\/li><\/ol><h3 id=\"gdpr-information\">Datos que recopilamos<\/h3><p><strong>Informaci\u00f3n que nos ha proporcionado<\/strong><br \/>Esta puede ser su direcci\u00f3n de correo electr\u00f3nico, nombre, direcci\u00f3n de facturaci\u00f3n, domicilio, etc., principalmente informaci\u00f3n que es necesaria para entregarle un producto \/ servicio o para mejorar su experiencia de cliente con nosotros. Guardamos la informaci\u00f3n que nos proporciona para que pueda comentar o realizar otras actividades en el sitio web. Esta informaci\u00f3n incluye, por ejemplo, su nombre y direcci\u00f3n de correo electr\u00f3nico.<\/p><p><strong>\u00a0Informaci\u00f3n recopilada autom\u00e1ticamente sobre usted<\/strong><br \/>Esto incluye informaci\u00f3n que se almacena autom\u00e1ticamente mediante cookies y otras herramientas de sesi\u00f3n. Por ejemplo, la informaci\u00f3n de su carrito de compras, su direcci\u00f3n IP, su historial de compras (si lo hay), etc. Esta informaci\u00f3n se utiliza para mejorar su experiencia como cliente. Cuando utiliza nuestros servicios o mira el contenido de nuestro sitio web, sus actividades pueden registrarse.<\/p><p><strong>Informaci\u00f3n disponible p\u00fablicamente<\/strong><br \/>Podr\u00edamos recopilar informaci\u00f3n sobre usted que est\u00e9 disponible p\u00fablicamente.<\/p><h3 id=\"gdpr-processing\">C\u00f3mo usamos sus datos personales<\/h3><p>Usamos sus datos personales para:<\/p><ul><li>Brindarle nuestro servicio. Esto incluye, por ejemplo, registrar su cuenta; proporcionarle otros productos y servicios que haya solicitado; proporcionarle art\u00edculos promocionales a pedido suyo y comunicarnos con usted en relaci\u00f3n con esos productos y servicios; comunicarse e interactuar con usted; y notificarle de cambios en cualquier servicio.<\/li><li>mejorar su experiencia de cliente;<\/li><li>cumplir con una obligaci\u00f3n legal o contractual;<\/li><\/ul><p>Usamos sus datos personales por motivos leg\u00edtimos y \/ o con su consentimiento.<\/p><p>Sobre la base de la celebraci\u00f3n de un contrato o el cumplimiento de obligaciones contractuales, procesamos sus datos personales para los siguientes fines:<\/p><ul><li>para identificarte;<\/li><li>para proporcionarle un servicio o enviarle \/ ofrecerle un producto;<\/li><li>para comunicarse ya sea para ventas o facturaci\u00f3n;<\/li><\/ul><p>Por motivos de inter\u00e9s leg\u00edtimo, procesamos sus datos personales para los siguientes fines:<\/p><ul><li>para enviarle ofertas personalizadas * (de nosotros y \/ o de nuestros socios cuidadosamente seleccionados);<\/li><li>administrar y analizar nuestra base de clientes (comportamiento de compra e historial) con el fin de mejorar la calidad, variedad y disponibilidad de los productos \/ servicios ofrecidos \/ prestados;<\/li><li>realizar cuestionarios sobre la satisfacci\u00f3n del cliente;<\/li><\/ul><p>Siempre que no nos haya informado lo contrario, consideramos que ofrecerle productos \/ servicios que sean similares o iguales a su historial de compras \/ comportamiento de navegaci\u00f3n es nuestro inter\u00e9s leg\u00edtimo.<\/p><p>Con su consentimiento, procesamos sus datos personales para los siguientes fines:<\/p><ul><li>para enviarle boletines informativos y ofertas de campa\u00f1as (de nosotros y \/ o de nuestros socios cuidadosamente seleccionados);<\/li><li>para otros fines para los que hemos solicitado su consentimiento;<\/li><\/ul><p>Procesamos sus Datos Personales para cumplir con las obligaciones derivadas de la ley y \/ o usamos sus Datos Personales para las opciones previstas por la ley. Nos reservamos el derecho de anonimizar los datos personales recopilados y de utilizar dichos datos. Usaremos datos fuera del alcance de esta Pol\u00edtica solo cuando est\u00e9n anonimizados. Guardamos su informaci\u00f3n de facturaci\u00f3n y otra informaci\u00f3n recopilada sobre usted durante el tiempo que sea necesario para fines contables u otras obligaciones derivadas de la ley.<\/p><p>Podr\u00edamos procesar sus Datos personales para fines adicionales que no se mencionan aqu\u00ed, pero que son compatibles con el prop\u00f3sito original para el que se recopilaron los datos. Para ello, nos aseguraremos de que:<\/p><ul><li>el v\u00ednculo entre los prop\u00f3sitos, el contexto y la naturaleza de los datos personales es adecuado para un procesamiento posterior;<\/li><li>el procesamiento posterior no perjudicar\u00eda sus intereses y<\/li><li>habr\u00eda una protecci\u00f3n adecuada para el procesamiento.<\/li><\/ul><p>Le informaremos sobre cualquier procesamiento y prop\u00f3sitos adicionales.<\/p><h3 id=\"gdpr-sharing\">\u00bfQui\u00e9n m\u00e1s puede acceder a sus datos personales?<\/h3><p>No compartimos sus datos personales con extra\u00f1os. En algunos casos, los datos personales sobre usted se proporcionan a nuestros socios de confianza para que sea posible brindarle el servicio o para mejorar su experiencia como cliente.<\/p><p>Solo trabajamos con socios de procesamiento que pueden garantizar un nivel adecuado de protecci\u00f3n a sus datos personales. Revelamos sus Datos Personales a terceros o funcionarios p\u00fablicos cuando estamos legalmente obligados a hacerlo. Podr\u00edamos divulgar sus Datos personales a terceros si usted lo ha dado su consentimiento o si existen otros fundamentos legales para ello.<\/p><h3 id=\"gdpr-security\">C\u00f3mo protegemos sus datos<\/h3><p>Hacemos todo lo posible para mantener seguros sus datos personales. Usamos protocolos seguros para la comunicaci\u00f3n y transferencia de datos (como HTTPS). Utilizamos anonimizaci\u00f3n y seudonimizaci\u00f3n cuando sea adecuado. Monitoreamos nuestros sistemas para detectar posibles vulnerabilidades y ataques.<\/p><p>Aunque hacemos nuestro mejor esfuerzo, no podemos garantizar la seguridad de la informaci\u00f3n. Sin embargo, nos comprometemos a notificar a las autoridades adecuadas sobre las violaciones de datos. Tambi\u00e9n le notificaremos si existe una amenaza a sus derechos o intereses. Haremos todo lo que est\u00e9 a nuestro alcance para prevenir violaciones de seguridad y para ayudar a las autoridades en caso de que ocurra alguna.<\/p><p>Si tiene una cuenta con nosotros, tenga en cuenta que debe mantener en secreto su nombre de usuario y contrase\u00f1a.<\/p><h3>Ni\u00f1os<\/h3><p>No tenemos la intenci\u00f3n de recopilar ni recopilar informaci\u00f3n de ni\u00f1os a sabiendas. No nos dirigimos a los ni\u00f1os con nuestros servicios.<\/p><h3 id=\"gdpr-cookies\">Cookies y otras tecnolog\u00edas que utilizamos<\/h3><p>Usamos cookies y \/ o tecnolog\u00edas similares para analizar el comportamiento del cliente, administrar el sitio web, rastrear los movimientos de los usuarios y recopilar informaci\u00f3n sobre los usuarios. Esto se hace para personalizar y mejorar su experiencia con nosotros.<\/p><p>Una cookie es un peque\u00f1o archivo de texto almacenado en su computadora. Las cookies almacenan informaci\u00f3n que se utiliza para ayudar a que los sitios funcionen. Solo nosotros podemos acceder a las cookies creadas por nuestro sitio web. Puede controlar sus cookies a nivel del navegador. Elegir deshabilitar las cookies puede dificultar el uso de ciertas funciones.<\/p><p><strong>Usamos cookies para los siguientes prop\u00f3sitos:<\/strong><\/p><ul><li>Cookies necesarias: estas cookies son necesarias para que pueda utilizar algunas funciones importantes de nuestro sitio web, como iniciar sesi\u00f3n. Estas cookies no recopilan ninguna informaci\u00f3n personal.<\/li><li>Cookies de funcionalidad: estas cookies brindan una funcionalidad que hace que el uso de nuestro servicio sea m\u00e1s conveniente y permite brindar funciones m\u00e1s personalizadas. Por ejemplo, es posible que recuerden su nombre y correo electr\u00f3nico en formularios de comentarios para que no tenga que volver a ingresar esta informaci\u00f3n la pr\u00f3xima vez que comente.<\/li><li>Cookies de an\u00e1lisis: estas cookies se utilizan para rastrear el uso y el rendimiento de nuestro sitio web y nuestros servicios.<\/li><li>Cookies publicitarias: estas cookies se utilizan para ofrecer anuncios que son relevantes para usted y sus intereses. Adem\u00e1s, se utilizan para limitar la cantidad de veces que ve un anuncio. Por lo general, las redes publicitarias las colocan en el sitio web con el permiso del operador del sitio web. Estas cookies recuerdan que ha visitado un sitio web y esta informaci\u00f3n se comparte con otras organizaciones, como los anunciantes. A menudo, las cookies de orientaci\u00f3n o publicidad estar\u00e1n vinculadas a la funcionalidad del sitio proporcionada por la otra organizaci\u00f3n.<\/li><\/ul><p><span style=\"text-align: var(--text-align); background-color: transparent; color: var(--clr-text,#222216); letter-spacing: 0px;\">Usamos Google Analytics para medir el tr\u00e1fico en nuestro sitio web. Google tiene su propia Pol\u00edtica de privacidad que puede revisar\u00a0<\/span><a style=\"text-align: var(--text-align); letter-spacing: 0px;\" href=\"https:\/\/support.google.com\/analytics\/answer\/6004245\" target=\"_blank\" rel=\"noopener noreferrer\">aqu\u00ed<\/a><span style=\"text-align: var(--text-align); background-color: transparent; color: var(--clr-text,#222216); letter-spacing: 0px;\">. Si desea excluirse del seguimiento de Google Analytics, visite el\u00a0<\/span><a style=\"text-align: var(--text-align); letter-spacing: 0px;\" href=\"https:\/\/tools.google.com\/dlpage\/gaoptout\" target=\"_blank\" rel=\"noopener noreferrer\">P\u00e1gina de exclusi\u00f3n de Google Analytics<\/a><span style=\"text-align: var(--text-align); background-color: transparent; color: var(--clr-text,#222216); letter-spacing: 0px;\">.<\/span><\/p><h3 id=\"gdpr-contact\">Informaci\u00f3n del contacto<\/h3><p><strong id=\"gdpr-dpa\">Autoridad supervisora<\/strong><br \/>Email:\u00a0<a href=\"mailto:internacional@agpd.es\">internacional@agpd.es<\/a><br \/>Tel\u00e9fono: +34 91399 6200<\/p><h3 id=\"gdpr-changes\">Cambios a esta pol\u00edtica de privacidad<\/h3><p>Nos reservamos el derecho a realizar cambios en esta Pol\u00edtica de privacidad.<br \/>La \u00faltima modificaci\u00f3n se realiz\u00f3 el 9 de febrero de 2025.<\/p>\t\t\t\t\t\t\t\t<\/div>\n\t\t\t\t<\/div>\n\t\t\t\t\t<\/div>\n\t\t\t\t<\/div>\n\t\t\t\t<\/div>","protected":false},"excerpt":{"rendered":"<p>Creative Collective se compromete a proteger su privacidad. Cont\u00e1ctenos en amie@creativecollective.es si tiene alguna pregunta o problema con respecto al uso de sus Datos Personales.<\/p>","protected":false},"author":1,"featured_media":0,"parent":0,"menu_order":0,"comment_status":"closed","ping_status":"closed","template":"","meta":{"footnotes":""},"categories":[],"tags":[],"class_list":["post-368","page","type-page","status-publish","hentry"],"yoast_head":"<!-- This site is optimized with the Yoast SEO Premium plugin v24.4 (Yoast SEO v27.3) - https:\/\/yoast.com\/product\/yoast-seo-premium-wordpress\/ -->\n<title>Creative Collective &#8226; Wedding Planner in Spain, Costa Blanca &#8226; Privacy Policy<\/title>\n<meta name=\"description\" content=\"Let&#039;s plan your dream wedding together! We offer trully unique, unbelievable rustic and beach Mediterranean weddings planning service in Spain, covering Costa Blanca and other regions.\" \/>\n<meta name=\"robots\" content=\"index, follow, max-snippet:-1, max-image-preview:large, max-video-preview:-1\" \/>\n<link rel=\"canonical\" href=\"https:\/\/creativecollectiveweddings.com\/es\/politica-de-privacidad\/\" \/>\n<meta property=\"og:locale\" content=\"es_ES\" \/>\n<meta property=\"og:type\" content=\"article\" \/>\n<meta property=\"og:title\" content=\"Creative Collective &#8226; Wedding Planner in Spain, Costa Blanca &#8226; Privacy Policy\" \/>\n<meta property=\"og:description\" content=\"Let&#039;s plan your dream wedding together! We offer trully unique, unbelievable rustic and beach Mediterranean weddings planning service in Spain, covering Costa Blanca and other regions.\" \/>\n<meta property=\"og:url\" content=\"https:\/\/creativecollectiveweddings.com\/es\/politica-de-privacidad\/\" \/>\n<meta property=\"og:site_name\" content=\"Creative Collective\" \/>\n<meta property=\"article:publisher\" content=\"https:\/\/www.facebook.com\/creativecollective.es\/\" \/>\n<meta property=\"article:modified_time\" content=\"2025-02-09T16:08:11+00:00\" \/>\n<meta property=\"og:image\" content=\"https:\/\/creativecollectiveweddings.com\/wp-content\/uploads\/2025\/02\/harriet-glenn0850-1-scaled.jpg\" \/>\n\t<meta property=\"og:image:width\" content=\"2560\" \/>\n\t<meta property=\"og:image:height\" content=\"1703\" \/>\n\t<meta property=\"og:image:type\" content=\"image\/jpeg\" \/>\n<meta name=\"twitter:card\" content=\"summary_large_image\" \/>\n<meta name=\"twitter:label1\" content=\"Tiempo de lectura\" \/>\n\t<meta name=\"twitter:data1\" content=\"9 minutos\" \/>\n<!-- \/ Yoast SEO Premium plugin. -->","yoast_head_json":{"title":"Colectivo Creativo \u2022 Organizador de bodas en Espa\u00f1a, Costa Blanca \u2022 Pol\u00edtica de privacidad","description":"\u00a1Planifiquemos juntos la boda de sus sue\u00f1os! Ofrecemos un servicio de planificaci\u00f3n de bodas mediterr\u00e1neas en la playa y r\u00fasticas realmente \u00fanico, incre\u00edble en Espa\u00f1a, cubriendo la Costa Blanca y otras regiones.","robots":{"index":"index","follow":"follow","max-snippet":"max-snippet:-1","max-image-preview":"max-image-preview:large","max-video-preview":"max-video-preview:-1"},"canonical":"https:\/\/creativecollectiveweddings.com\/es\/politica-de-privacidad\/","og_locale":"es_ES","og_type":"article","og_title":"Creative Collective &#8226; Wedding Planner in Spain, Costa Blanca &#8226; Privacy Policy","og_description":"Let's plan your dream wedding together! We offer trully unique, unbelievable rustic and beach Mediterranean weddings planning service in Spain, covering Costa Blanca and other regions.","og_url":"https:\/\/creativecollectiveweddings.com\/es\/politica-de-privacidad\/","og_site_name":"Creative Collective","article_publisher":"https:\/\/www.facebook.com\/creativecollective.es\/","article_modified_time":"2025-02-09T16:08:11+00:00","og_image":[{"width":2560,"height":1703,"url":"https:\/\/creativecollectiveweddings.com\/wp-content\/uploads\/2025\/02\/harriet-glenn0850-1-scaled.jpg","type":"image\/jpeg"}],"twitter_card":"summary_large_image","twitter_misc":{"Tiempo de lectura":"9 minutos"},"schema":{"@context":"https:\/\/schema.org","@graph":[{"@type":"WebPage","@id":"https:\/\/creativecollectiveweddings.com\/privacy-policy\/","url":"https:\/\/creativecollectiveweddings.com\/privacy-policy\/","name":"Colectivo Creativo \u2022 Organizador de bodas en Espa\u00f1a, Costa Blanca \u2022 Pol\u00edtica de privacidad","isPartOf":{"@id":"https:\/\/creativecollectiveweddings.com\/#website"},"datePublished":"2025-02-01T12:00:03+00:00","dateModified":"2025-02-09T16:08:11+00:00","description":"\u00a1Planifiquemos juntos la boda de sus sue\u00f1os! Ofrecemos un servicio de planificaci\u00f3n de bodas mediterr\u00e1neas en la playa y r\u00fasticas realmente \u00fanico, incre\u00edble en Espa\u00f1a, cubriendo la Costa Blanca y otras regiones.","breadcrumb":{"@id":"https:\/\/creativecollectiveweddings.com\/privacy-policy\/#breadcrumb"},"inLanguage":"es","potentialAction":[{"@type":"ReadAction","target":["https:\/\/creativecollectiveweddings.com\/privacy-policy\/"]}]},{"@type":"BreadcrumbList","@id":"https:\/\/creativecollectiveweddings.com\/privacy-policy\/#breadcrumb","itemListElement":[{"@type":"ListItem","position":1,"name":"Home","item":"https:\/\/creativecollectiveweddings.com\/"},{"@type":"ListItem","position":2,"name":"Privacy Policy"}]},{"@type":"WebSite","@id":"https:\/\/creativecollectiveweddings.com\/#website","url":"https:\/\/creativecollectiveweddings.com\/","name":"Creative Collective","description":"Wedding Planner en Costa Blanca Espa\u00f1a","publisher":{"@id":"https:\/\/creativecollectiveweddings.com\/#organization"},"potentialAction":[{"@type":"SearchAction","target":{"@type":"EntryPoint","urlTemplate":"https:\/\/creativecollectiveweddings.com\/?s={search_term_string}"},"query-input":{"@type":"PropertyValueSpecification","valueRequired":true,"valueName":"search_term_string"}}],"inLanguage":"es"},{"@type":"Organization","@id":"https:\/\/creativecollectiveweddings.com\/#organization","name":"Creative Collective","url":"https:\/\/creativecollectiveweddings.com\/","logo":{"@type":"ImageObject","inLanguage":"es","@id":"https:\/\/creativecollectiveweddings.com\/#\/schema\/logo\/image\/","url":"https:\/\/creativecollectiveweddings.com\/wp-content\/uploads\/2024\/03\/Logo.svg","contentUrl":"https:\/\/creativecollectiveweddings.com\/wp-content\/uploads\/2024\/03\/Logo.svg","width":1528,"height":807,"caption":"Creative Collective"},"image":{"@id":"https:\/\/creativecollectiveweddings.com\/#\/schema\/logo\/image\/"},"sameAs":["https:\/\/www.facebook.com\/creativecollective.es\/","https:\/\/www.instagram.com\/amiecreativecollective.es\/"],"description":"Dirigido por Amie Shilan, una experimentada organizadora de bodas de destino con un profundo amor por J\u00e1vea y la Costa Blanca, Creative Collective ofrece un enfoque personalizado y pr\u00e1ctico para crear bodas inolvidables a lo largo de la costa mediterr\u00e1nea de Espa\u00f1a, desde Alicante hasta Valencia.","email":"amie@reativecollective.es","telephone":"+34691326544","legalName":"Creative Collective","foundingDate":"2027-01-01","numberOfEmployees":{"@type":"QuantitativeValue","minValue":"1","maxValue":"10"},"ownershipFundingInfo":"https:\/\/creativecollectiveweddings.com\/","correctionsPolicy":"https:\/\/creativecollectiveweddings.com\/contact\/"}]}},"_links":{"self":[{"href":"https:\/\/creativecollectiveweddings.com\/es\/wp-json\/wp\/v2\/pages\/368","targetHints":{"allow":["GET"]}}],"collection":[{"href":"https:\/\/creativecollectiveweddings.com\/es\/wp-json\/wp\/v2\/pages"}],"about":[{"href":"https:\/\/creativecollectiveweddings.com\/es\/wp-json\/wp\/v2\/types\/page"}],"author":[{"embeddable":true,"href":"https:\/\/creativecollectiveweddings.com\/es\/wp-json\/wp\/v2\/users\/1"}],"replies":[{"embeddable":true,"href":"https:\/\/creativecollectiveweddings.com\/es\/wp-json\/wp\/v2\/comments?post=368"}],"version-history":[{"count":0,"href":"https:\/\/creativecollectiveweddings.com\/es\/wp-json\/wp\/v2\/pages\/368\/revisions"}],"wp:attachment":[{"href":"https:\/\/creativecollectiveweddings.com\/es\/wp-json\/wp\/v2\/media?parent=368"}],"wp:term":[{"taxonomy":"category","embeddable":true,"href":"https:\/\/creativecollectiveweddings.com\/es\/wp-json\/wp\/v2\/categories?post=368"},{"taxonomy":"post_tag","embeddable":true,"href":"https:\/\/creativecollectiveweddings.com\/es\/wp-json\/wp\/v2\/tags?post=368"}],"curies":[{"name":"gracias","href":"https:\/\/api.w.org\/{rel}","templated":true}]}}